{"id":13952,"date":"2014-05-27T12:10:45","date_gmt":"2014-05-27T10:10:45","guid":{"rendered":"http:\/\/gastronomicament.cat\/?page_id=13952"},"modified":"2023-02-07T22:21:30","modified_gmt":"2023-02-07T21:21:30","slug":"avis-legal","status":"publish","type":"page","link":"https:\/\/gastronomicament.cat\/ca\/avis-legal","title":{"rendered":"Av\u00eds legal"},"content":{"rendered":"<p><strong>1.Informaci\u00f3 i acceptaci\u00f3<\/strong><\/p>\n<p>Aquestes condicions regulen l&#8217;\u00fas del servei del portal d&#8217;Internet (d&#8217;ara endavant, el &#8216;Portal&#8217;) que David P\u00e9rez Tom\u00e1s (d&#8217;ara endavant, Gastron\u00f2micament) posa a la disposici\u00f3 dels usuaris d&#8217;Internet.<\/p>\n<p>Gastron\u00f2micament \u00e9s propietat de David P\u00e9rez Tom\u00e1s, amb domicili al Carrer Marian Aguil\u00f3 11 3A, 07005 Palma de Mallorca, Espanya, NIF n\u00famero 43135486-K i correu electr\u00f2nic info@gastronomicament.cat.<\/p>\n<p>L&#8217;acc\u00e9s a la p\u00e0gina web \u00e9s gratu\u00eft excepte en el relatiu al cost de la connexi\u00f3 mitjan\u00e7ant \u00a0la xarxa de telecomunicacions subministrada pel prove\u00efdor d&#8217;acc\u00e9s contractat pels usuaris. Determinats serveis requereixen el registre de l&#8217;usuari com a tal. La finalitat principal del Portal \u00e9s la promoci\u00f3 i publicaci\u00f3 d&#8217;articles, not\u00edcies i informaci\u00f3 relativa al m\u00f3n de la restauraci\u00f3 i gastronomia local.<\/p>\n<p>La utilitzaci\u00f3 del Portal atribueix la condici\u00f3 d&#8217;usuari del Portal (d&#8217;ara endavant, l\u2019 &#8216;Usuari&#8217;) i comporta l&#8217;acceptaci\u00f3 de totes les condicions incloses en aquest Av\u00eds Legal. La prestaci\u00f3 del servei del Portal t\u00e9 una durada limitada al moment en el qual l&#8217;Usuari estigui connectat al Portal o a algun dels serveis que mitjan\u00e7ant del mateix es posen a la seva disposici\u00f3. L&#8217;Usuari ha de llegir atentament el present Av\u00eds Legal en cadascuna de les ocasions en qu\u00e8 utilitzi el Portal, ja que aquest i les seves condicions d&#8217;\u00fas recollides en el present Av\u00eds Legal poden sofrir modificacions.<\/p>\n<p><strong>2.Condicions d&#8217;\u00fas del Portal<\/strong><\/p>\n<p><strong>2.1 General<\/strong><\/p>\n<p>L&#8217;Usuari s&#8217;obliga a fer \u00fas correcte del Portal de conformitat amb la Llei i el present Av\u00eds Legal. L&#8217;Usuari respondr\u00e0 davant Gastron\u00f2micament o davant tercers de qualssevol danys i perjudicis que es poguessin causar com a conseq\u00fc\u00e8ncia de l&#8217;incompliment d&#8217;aquesta obligaci\u00f3.<\/p>\n<p>Queda expressament prohibit l&#8217;\u00fas del Portal amb finalitats lesives de b\u00e9ns o interessos de Gastron\u00f2micament o de tercers o que de qualsevol altra forma sobrecarreguin, danyin o inutilitzin les xarxes, servidors i altres equips inform\u00e0tics o productes i aplicacions inform\u00e0tiques de Gastron\u00f2micament o de tercers.<\/p>\n<p><strong>2.2 Comentaris i valoracions<\/strong><\/p>\n<p>Tots els comentaris han de complir amb les normes de participaci\u00f3 que a continuaci\u00f3 s&#8217;indiquen i respectar sempre a la resta dels usuaris. En cas contrari, el Portal es reserva el dret de denegar la publicaci\u00f3 d&#8217;aquests comentaris.<\/p>\n<p>L&#8217;usuari s&#8217;obliga a utilitzar els Continguts d&#8217;una forma l\u00edcita en general i, en particular, es compromet a abstenir-se de:<\/p>\n<ol>\n<li>Utilitzar els Continguts amb finalitats o efectes contraris a la llei, a la moral, als bons costums generalment acceptades o a l&#8217;ordre p\u00fablic;<\/li>\n<li>Reproduir, copiar, distribuir, transformar o modificar els Continguts, sense consentiment expr\u00e9s dels autors o no respectar els termes de les pertinents llic\u00e8ncies. No obstant aix\u00f2, l&#8217;usuari podr\u00e0 fer \u00fas dels continguts segons la llic\u00e8ncia publicada pels autors de forma general per a tots els continguts del Portal o espec\u00edficament per a una obra en particular, prevalent les indicacions espec\u00edfiques o particulars sobre les assenyalades de forma general.<\/li>\n<li>Emprar els Continguts amb finalitats econ\u00f2miques, venda directa o amb qualsevol altra classe de finalitat comercial, els missatges no sol\u00b7licitats dirigits a una pluralitat de persones amb independ\u00e8ncia de la seva finalitat, aix\u00ed com abstenir-se de comercialitzar o divulgar de qualsevol manera aquesta informaci\u00f3.<\/li>\n<li>Publicar qualsevol contingut amena\u00e7ador, injuri\u00f3s, calumni\u00f3s, obsc\u00e8, pornogr\u00e0fic, discriminatori o que d&#8217;una altra manera infringeixi la Llei.<\/li>\n<\/ol>\n<p>Si un usuari o tercer considera que algun comentari publicat o algun dels seus enlla\u00e7os pot ser incl\u00f2s en els sup\u00f2sits especificats anteriorment haur\u00e0 de comunicar-ho com m\u00e9s aviat millor a l&#8217;adre\u00e7a de correu electr\u00f2nic assenyalada a l&#8217;inici del present av\u00eds legal, a fi que el Portal procedeixi a la seva avaluaci\u00f3 i, si escau, retirada.<\/p>\n<p><strong>3. Exclusi\u00f3 de responsabilitat<\/strong><\/p>\n<p><strong>3.1 De la Informaci\u00f3<\/strong><\/p>\n<p>L&#8217;acc\u00e9s al Portal no implica l&#8217;obligaci\u00f3 per part de Gastron\u00f2micament de comprovar la veracitat, exactitud, adequaci\u00f3, idone\u00eftat, exhaustivitat i actualitat de la informaci\u00f3 subministrada a trav\u00e9s del mateix. Els continguts d&#8217;aquesta p\u00e0gina s\u00f3n de car\u00e0cter general i no constitueixen, de cap manera, la prestaci\u00f3 d&#8217;un servei de cap tipus.<\/p>\n<p>Gastron\u00f2micament no es responsabilitza de les decisions preses a partir de la informaci\u00f3 subministrada al Portal ni dels danys i perjudicis produ\u00efts a l&#8217;Usuari o tercers amb motiu d&#8217;actuacions que tinguin com a \u00fanic fonament la informaci\u00f3 obtinguda al Portal.<\/p>\n<p><strong>3.2 De la qualitat del servei<\/strong><\/p>\n<p>L&#8217;acc\u00e9s al Portal no implica l&#8217;obligaci\u00f3 per part de Gastron\u00f2micament de controlar l&#8217;abs\u00e8ncia de virus o qualsevol altre element inform\u00e0tic nociu. Correspon a l&#8217;Usuari, en tot cas, la disponibilitat d&#8217;eines adequades per a la detecci\u00f3 i desinfecci\u00f3 de programes inform\u00e0tics nocius.<\/p>\n<p><strong>3.3 De la disponibilitat del Servei<\/strong><\/p>\n<p>L&#8217;acc\u00e9s al Portal requereix de serveis i subministraments de tercers, inclosos el transport mitjan\u00e7ant xarxes de telecomunicacions la fiabilitat de les quals, qualitat, continu\u00eftat i funcionament no correspon a Gastron\u00f2micament. Per tant, els serveis prove\u00efts mitjan\u00e7ant el Portal poden ser suspesos, cancel\u00b7lats o resultar inaccessibles, amb car\u00e0cter previ o simultani a la prestaci\u00f3 del servei del Portal.<\/p>\n<p><strong>3.4 Dels continguts i serveis enlla\u00e7ats mitjan\u00e7ant el Portal<\/strong><\/p>\n<p>El servei d&#8217;acc\u00e9s al Portal inclou dispositius t\u00e8cnics d&#8217;enlla\u00e7 que permeten a l&#8217;Usuari accedir a altres p\u00e0gines i portals d&#8217;Internet (d&#8217;ara endavant, &#8216;Llocs Enlla\u00e7ats&#8217;). En aquests casos, Gastron\u00f2micament actua com a prestador de serveis d&#8217;intermediaci\u00f3 de conformitat amb l&#8217;article 17 de la Llei 34\/2002, de 12 de juliol, de Serveis de la Societat de la Informaci\u00f3 i el Comer\u00e7 Electr\u00f2nic (&#8216;LSSI&#8217;) i nom\u00e9s ser\u00e0 responsable dels continguts i serveis subministrats als Llocs Enlla\u00e7ats en la mesura en qu\u00e8 tingui coneixement efectiu de la il.licitud i no hagi desactivat l&#8217;enlla\u00e7 amb la dilig\u00e8ncia deguda. En el cas que l&#8217;Usuari consideri que existeix un Lloc Enlla\u00e7at amb continguts il\u00b7l\u00edcits o inadequats podr\u00e0 comunicar-li-ho a Gastron\u00f2micament, sense que en cap cas aquesta comunicaci\u00f3 comporti l&#8217;obligaci\u00f3 de retirar el corresponent enlla\u00e7.<\/p>\n<p>En cap cas, l&#8217;exist\u00e8ncia de Llocs Enlla\u00e7ats ha de pressuposar l&#8217;exist\u00e8ncia d&#8217;acords amb els responsables o titulars dels mateixos, ni la recomanaci\u00f3, promoci\u00f3 o identificaci\u00f3 de Gastron\u00f2micament amb les manifestacions, continguts o serveis prove\u00efts.<\/p>\n<p><strong>4. Propietat intel.lectual.<\/strong><\/p>\n<p>S&#8217;entendr\u00e0 per continguts totes les informacions, missatges, gr\u00e0fics, dibuixos, dissenys, logotips, noms, marques, arxius de so i\/o imatge, fotografies, enregistraments, software i, en general, qualsevol classe de material accessible mitjan\u00e7ant el portal. Aquests continguts estan protegits per la legislaci\u00f3 vigent en mat\u00e8ria de propietat intel\u00b7lectual. La c\u00f2pia, modificaci\u00f3, reproducci\u00f3, desc\u00e0rrega, transmissi\u00f3, distribuci\u00f3 o transformaci\u00f3 dels continguts de la p\u00e0gina, sense la pr\u00e8via autoritzaci\u00f3 del titular dels corresponents drets, haur\u00e0 de respectar, en tot cas, les condicions de la llic\u00e8ncia sota la qual es troben protegits tals continguts. L&#8217;acc\u00e9s al Portal no pressuposa l&#8217;adquisici\u00f3 per part dels usuaris de dret de propietat sobre els continguts que figuren en el mateix.<\/p>\n<p>Les diferents condicions de distribuci\u00f3 es faran conforme als permisos establerts per cada autor, per a cada obra, d&#8217;acord amb les diferents variants de:<\/p>\n<ul>\n<li>Reconeixement: En qualsevol explotaci\u00f3 de l&#8217;obra autoritzada per la llic\u00e8ncia far\u00e0 falta recon\u00e8ixer l&#8217;autoria.<\/li>\n<li>No Comercial: L&#8217;explotaci\u00f3 de l&#8217;obra queda limitada a usos no comercials.<\/li>\n<li>Sense obres derivades: L&#8217;autoritzaci\u00f3 per explotar l&#8217;obra no inclou la transformaci\u00f3 per crear una obra derivada.<\/li>\n<li>Compartir Igual: L&#8217;explotaci\u00f3 autoritzada inclou la creaci\u00f3 d&#8217;obres derivades sempre que mantinguin la mateixa llic\u00e8ncia en ser divulgades.<\/li>\n<\/ul>\n<p><strong>5. Llei i jurisdicci\u00f3 aplicable.<\/strong><\/p>\n<p>Les presents Condicions d&#8217;aquest Av\u00eds Legal es regeixen per les Lleis espanyoles. Qualsevol disputa en relaci\u00f3 amb el Portal es substanciar\u00e0 davant la jurisdicci\u00f3 espanyola, sotmetent-se les parts a la Jurisdicci\u00f3 dels Jutjats i Tribunals de la Ciutat de Palma de Mallorca i els seus superiors jer\u00e0rquics, amb expressa ren\u00fancia als seus furs si ho tinguessin i fossin diferents dels ressenyats.<!--more--><\/p>\n","protected":false},"excerpt":{"rendered":"<p>1.Informaci\u00f3 i acceptaci\u00f3 Aquestes condicions regulen l&#8217;\u00fas del servei del portal d&#8217;Internet (d&#8217;ara endavant, el &#8216;Portal&#8217;) que David P\u00e9rez Tom\u00e1s (d&#8217;ara endavant, Gastron\u00f2micament) posa a la disposici\u00f3 dels usuaris d&#8217;Internet. Gastron\u00f2micament \u00e9s propietat de David P\u00e9rez Tom\u00e1s, amb domicili al Carrer Marian Aguil\u00f3 11 3A, 07005 Palma de Mallorca, Espanya, NIF n\u00famero 43135486-K i correu [&hellip;]<\/p>\n","protected":false},"author":1,"featured_media":0,"parent":0,"menu_order":0,"comment_status":"closed","ping_status":"closed","template":"","meta":{"_acf_changed":false,"_swt_meta_header_display":false,"_swt_meta_footer_display":false,"_swt_meta_site_title_display":false,"_swt_meta_sticky_header":false,"_swt_meta_transparent_header":false,"footnotes":""},"coauthors":[2053],"class_list":["post-13952","page","type-page","status-publish","hentry"],"acf":{"selected_post_entry":null},"yoast_head":"<!-- This site is optimized with the Yoast SEO plugin v27.2 - https:\/\/yoast.com\/product\/yoast-seo-wordpress\/ -->\n<title>Av\u00eds legal - Gastron\u00f2micament<\/title>\n<meta name=\"description\" content=\"Av\u00eds legal 1.Informaci\u00f3 i acceptaci\u00f3 Aquestes condicions regulen l&#039;\u00fas del servei del portal d&#039;Internet (d&#039;ara endavant, el &#039;Portal&#039;) que David P\u00e9rez Tom\u00e1s (d&#039;ara\" \/>\n<meta name=\"robots\" content=\"index, follow, max-snippet:-1, max-image-preview:large, max-video-preview:-1\" \/>\n<link rel=\"canonical\" href=\"https:\/\/gastronomicament.cat\/ca\/avis-legal\" \/>\n<meta property=\"og:locale\" content=\"ca_ES\" \/>\n<meta property=\"og:type\" content=\"article\" \/>\n<meta property=\"og:title\" content=\"Av\u00eds legal - Gastron\u00f2micament\" \/>\n<meta property=\"og:description\" content=\"Av\u00eds legal 1.Informaci\u00f3 i acceptaci\u00f3 Aquestes condicions regulen l&#039;\u00fas del servei del portal d&#039;Internet (d&#039;ara endavant, el &#039;Portal&#039;) que David P\u00e9rez Tom\u00e1s (d&#039;ara\" \/>\n<meta property=\"og:url\" content=\"https:\/\/gastronomicament.cat\/ca\/avis-legal\" \/>\n<meta property=\"og:site_name\" content=\"Gastron\u00f2micament\" \/>\n<meta property=\"article:modified_time\" content=\"2023-02-07T21:21:30+00:00\" \/>\n<meta name=\"twitter:card\" content=\"summary_large_image\" \/>\n<meta name=\"twitter:site\" content=\"@gastronomicamen\" \/>\n<meta name=\"twitter:label1\" content=\"Est. reading time\" \/>\n\t<meta name=\"twitter:data1\" content=\"7 minutes\" \/>\n\t<meta name=\"twitter:label2\" content=\"Written by\" \/>\n\t<meta name=\"twitter:data2\" content=\"Redacci\u00f3\" \/>\n<script type=\"application\/ld+json\" class=\"yoast-schema-graph\">{\"@context\":\"https:\/\/schema.org\",\"@graph\":[{\"@type\":\"WebPage\",\"@id\":\"https:\/\/gastronomicament.cat\/ca\/avis-legal\",\"url\":\"https:\/\/gastronomicament.cat\/ca\/avis-legal\",\"name\":\"Av\u00eds legal - Gastron\u00f2micament\",\"isPartOf\":{\"@id\":\"https:\/\/gastronomicament.cat\/#website\"},\"datePublished\":\"2014-05-27T10:10:45+00:00\",\"dateModified\":\"2023-02-07T21:21:30+00:00\",\"description\":\"Av\u00eds legal 1.Informaci\u00f3 i acceptaci\u00f3 Aquestes condicions regulen l'\u00fas del servei del portal d'Internet (d'ara endavant, el 'Portal') que David P\u00e9rez Tom\u00e1s (d'ara\",\"inLanguage\":\"ca-ES\",\"potentialAction\":[{\"@type\":\"ReadAction\",\"target\":[\"https:\/\/gastronomicament.cat\/ca\/avis-legal\"]}]},{\"@type\":\"WebSite\",\"@id\":\"https:\/\/gastronomicament.cat\/#website\",\"url\":\"https:\/\/gastronomicament.cat\/\",\"name\":\"Gastron\u00f2micament\",\"description\":\"Portal de restaurants, receptes i actualitat gastron\u00f2mica\",\"publisher\":{\"@id\":\"https:\/\/gastronomicament.cat\/#organization\"},\"potentialAction\":[{\"@type\":\"SearchAction\",\"target\":{\"@type\":\"EntryPoint\",\"urlTemplate\":\"https:\/\/gastronomicament.cat\/?s={search_term_string}\"},\"query-input\":{\"@type\":\"PropertyValueSpecification\",\"valueRequired\":true,\"valueName\":\"search_term_string\"}}],\"inLanguage\":\"ca-ES\"},{\"@type\":\"Organization\",\"@id\":\"https:\/\/gastronomicament.cat\/#organization\",\"name\":\"Gastron\u00f2micament\",\"url\":\"https:\/\/gastronomicament.cat\/\",\"logo\":{\"@type\":\"ImageObject\",\"inLanguage\":\"ca-ES\",\"@id\":\"https:\/\/gastronomicament.cat\/#\/schema\/logo\/image\/\",\"url\":\"https:\/\/gastronomicament.cat\/wp-content\/uploads\/2016\/09\/header-logo.jpg\",\"contentUrl\":\"https:\/\/gastronomicament.cat\/wp-content\/uploads\/2016\/09\/header-logo.jpg\",\"width\":277,\"height\":39,\"caption\":\"Gastron\u00f2micament\"},\"image\":{\"@id\":\"https:\/\/gastronomicament.cat\/#\/schema\/logo\/image\/\"},\"sameAs\":[\"https:\/\/x.com\/gastronomicamen\"]}]}<\/script>\n<!-- \/ Yoast SEO plugin. -->","yoast_head_json":{"title":"Av\u00eds legal - Gastron\u00f2micament","description":"Av\u00eds legal 1.Informaci\u00f3 i acceptaci\u00f3 Aquestes condicions regulen l'\u00fas del servei del portal d'Internet (d'ara endavant, el 'Portal') que David P\u00e9rez Tom\u00e1s (d'ara","robots":{"index":"index","follow":"follow","max-snippet":"max-snippet:-1","max-image-preview":"max-image-preview:large","max-video-preview":"max-video-preview:-1"},"canonical":"https:\/\/gastronomicament.cat\/ca\/avis-legal","og_locale":"ca_ES","og_type":"article","og_title":"Av\u00eds legal - Gastron\u00f2micament","og_description":"Av\u00eds legal 1.Informaci\u00f3 i acceptaci\u00f3 Aquestes condicions regulen l'\u00fas del servei del portal d'Internet (d'ara endavant, el 'Portal') que David P\u00e9rez Tom\u00e1s (d'ara","og_url":"https:\/\/gastronomicament.cat\/ca\/avis-legal","og_site_name":"Gastron\u00f2micament","article_modified_time":"2023-02-07T21:21:30+00:00","twitter_card":"summary_large_image","twitter_site":"@gastronomicamen","twitter_misc":{"Est. reading time":"7 minutes","Written by":"Redacci\u00f3"},"schema":{"@context":"https:\/\/schema.org","@graph":[{"@type":"WebPage","@id":"https:\/\/gastronomicament.cat\/ca\/avis-legal","url":"https:\/\/gastronomicament.cat\/ca\/avis-legal","name":"Av\u00eds legal - Gastron\u00f2micament","isPartOf":{"@id":"https:\/\/gastronomicament.cat\/#website"},"datePublished":"2014-05-27T10:10:45+00:00","dateModified":"2023-02-07T21:21:30+00:00","description":"Av\u00eds legal 1.Informaci\u00f3 i acceptaci\u00f3 Aquestes condicions regulen l'\u00fas del servei del portal d'Internet (d'ara endavant, el 'Portal') que David P\u00e9rez Tom\u00e1s (d'ara","inLanguage":"ca-ES","potentialAction":[{"@type":"ReadAction","target":["https:\/\/gastronomicament.cat\/ca\/avis-legal"]}]},{"@type":"WebSite","@id":"https:\/\/gastronomicament.cat\/#website","url":"https:\/\/gastronomicament.cat\/","name":"Gastron\u00f2micament","description":"Portal de restaurants, receptes i actualitat gastron\u00f2mica","publisher":{"@id":"https:\/\/gastronomicament.cat\/#organization"},"potentialAction":[{"@type":"SearchAction","target":{"@type":"EntryPoint","urlTemplate":"https:\/\/gastronomicament.cat\/?s={search_term_string}"},"query-input":{"@type":"PropertyValueSpecification","valueRequired":true,"valueName":"search_term_string"}}],"inLanguage":"ca-ES"},{"@type":"Organization","@id":"https:\/\/gastronomicament.cat\/#organization","name":"Gastron\u00f2micament","url":"https:\/\/gastronomicament.cat\/","logo":{"@type":"ImageObject","inLanguage":"ca-ES","@id":"https:\/\/gastronomicament.cat\/#\/schema\/logo\/image\/","url":"https:\/\/gastronomicament.cat\/wp-content\/uploads\/2016\/09\/header-logo.jpg","contentUrl":"https:\/\/gastronomicament.cat\/wp-content\/uploads\/2016\/09\/header-logo.jpg","width":277,"height":39,"caption":"Gastron\u00f2micament"},"image":{"@id":"https:\/\/gastronomicament.cat\/#\/schema\/logo\/image\/"},"sameAs":["https:\/\/x.com\/gastronomicamen"]}]}},"_links":{"self":[{"href":"https:\/\/gastronomicament.cat\/ca\/wp-json\/wp\/v2\/pages\/13952","targetHints":{"allow":["GET"]}}],"collection":[{"href":"https:\/\/gastronomicament.cat\/ca\/wp-json\/wp\/v2\/pages"}],"about":[{"href":"https:\/\/gastronomicament.cat\/ca\/wp-json\/wp\/v2\/types\/page"}],"author":[{"embeddable":true,"href":"https:\/\/gastronomicament.cat\/ca\/wp-json\/wp\/v2\/users\/1"}],"replies":[{"embeddable":true,"href":"https:\/\/gastronomicament.cat\/ca\/wp-json\/wp\/v2\/comments?post=13952"}],"version-history":[{"count":0,"href":"https:\/\/gastronomicament.cat\/ca\/wp-json\/wp\/v2\/pages\/13952\/revisions"}],"wp:attachment":[{"href":"https:\/\/gastronomicament.cat\/ca\/wp-json\/wp\/v2\/media?parent=13952"}],"wp:term":[{"taxonomy":"author","embeddable":true,"href":"https:\/\/gastronomicament.cat\/ca\/wp-json\/wp\/v2\/coauthors?post=13952"}],"curies":[{"name":"wp","href":"https:\/\/api.w.org\/{rel}","templated":true}]}}