{"id":49872,"date":"2012-12-18T12:12:37","date_gmt":"2012-12-18T12:12:37","guid":{"rendered":"https:\/\/gastronomicament.cat\/concurs-mossegades"},"modified":"2012-12-18T12:12:37","modified_gmt":"2012-12-18T12:12:37","slug":"concurs-mossegades","status":"publish","type":"page","link":"https:\/\/gastronomicament.cat\/en\/concurs-mossegades","title":{"rendered":"Bases del concurs de receptes Mossegades"},"content":{"rendered":"<p style=\"text-align: justify;\">\u00c9s una convocat\u00f2ria mensual de receptes. Cada mes proposam aliment o un tipus de plat.<\/p>\n<p>Es tracta d&#8217;un concurs obert: Tothom que vulgui pot presentar-s&#8217;hi amb un plat o m\u00e9s.<\/p>\n<p style=\"text-align: justify;\"><em>Pots consultar-ne totes les convocat\u00f2ries al men\u00fa que tens a la dreta.<\/em><\/p>\n<p style=\"text-align: justify;\"><strong>Premis<\/strong><\/p>\n<p>A m\u00e9s de passar-vos-ho b\u00e9 i con\u00e8ixer noves receptes, podeu guanyar:<\/p>\n<ul style=\"text-align: justify;\">\n<li>1 lot de productes gastron\u00f2mics<\/li>\n<li>Recepta de la setmana d&#8217;Gastron\u00f2micament (una setmana a portada i publicaci\u00f3 al butllet\u00ed)<\/li>\n<li>1 entrevista que sortir\u00e0 publicada a la nostra secci\u00f3 d&#8217;actualitat, com tamb\u00e9 a les xarxes socials de Facebook i Twitter de Gastron\u00f2micament.<\/li>\n<\/ul>\n<p style=\"text-align: justify;\">Has de saber que sempre respectarem l&#8217;autoria de la teva recepta.<\/p>\n<p style=\"text-align: justify;\"><strong>Qui hi pot participar?<\/strong><\/p>\n<p>El concurs \u00e9s obert a tothom, major d&#8217;edat, que visqui a l&#8217;Estat espanyol, tant si tens blog o web o no en tens.<\/p>\n<p>Recorda que les receptes han d&#8217;estar escrites en llengua catalana.<\/p>\n<p style=\"text-align: justify;\"><strong>Quan pots presentar la teva recepta?<\/strong><\/p>\n<p>Dia 1 publicam l&#8217;aliment o el tipus de plat sobre el que s&#8217;ha de fer la recepta. Fins dia 20 pots presentar-hi el teu plat.<\/p>\n<p>Es publicar\u00e0 a la p\u00e0gina: <a title=\"Actualitat gastron\u00f2mica\" href=\"http:\/\/gastronomicament.cat\/seccio\/actualitat\">http:\/\/gastronomicament.cat\/seccio\/actualitat<\/a><\/p>\n<p style=\"text-align: justify;\"><strong>Quan es pot votar?<\/strong><\/p>\n<p>A partir de dia 20 fins al dia 30, els usuaris poden votar les receptes que trobin m\u00e9s interessants. La que rebi m\u00e9s vots ser\u00e0 la guanyadora. Per difondre la teva recepta entre els teus visitants i que la puguin votar, et suggerim posar el b\u00e0ner del concurs a l&#8217;entrada de la recepta amb l&#8217;enlla\u00e7 corresponent.<\/p>\n<p style=\"text-align: justify;\"><strong>S&#8217;hi ha de participar cada mes?<\/strong><\/p>\n<p>No, no hi tens cap obligaci\u00f3. Es tracta d&#8217;un concurs obert, lliure i gratu\u00eft pensat per entretenir-se i passar-s&#8217;ho b\u00e9.<\/p>\n<p style=\"text-align: justify;\"><strong>Qu\u00e8 hi has d&#8217;aportar?<\/strong><\/p>\n<p>A Gastron\u00f2micament cuidam molt la imatge i presentaci\u00f3, per aix\u00f2 \u00e9s important que a l&#8217;hora d&#8217;escriure la recepta hi expliquis els ingredients, la preparaci\u00f3 i la foto del plat (m\u00ednim 640 p\u00edxels d&#8217;amplada i sense cap marca d&#8217;aigua). Tots els usuaris t&#8217;ho agrairan quan vulguin fer a casa seva la teva recepta.<\/p>\n<p style=\"text-align: justify;\"><strong>Puc presentar m\u00e9s d&#8217;una recepta?<\/strong><\/p>\n<p>S\u00ed. No hi ha cap inconvenient.<\/p>\n<p>Tot i aix\u00f2, la recepta que presentis a una edici\u00f3 del concurs Mossegades no es pot tornar presentar a una altra edici\u00f3.<\/p>\n<p style=\"text-align: justify;\"><strong>Hi he de presentar receptes originals?<\/strong><\/p>\n<p>No cal, si tens una recepta publicada al teu blog, hi pots participar igualment). Ara b\u00e9, si t&#8217;inspires en un plat creat per alg\u00fa altre, cita&#8217;n\u00a0 la font de la recepta al final de la &#8216;Preparaci\u00f3&#8217;. Recorda que les fotos han de ser teves.<\/p>\n<p style=\"text-align: justify;\"><strong>Qu\u00e8 implica participar-hi?<\/strong><\/p>\n<p>La participaci\u00f3 en el concurs implica l&#8217;autoritzaci\u00f3 i cessi\u00f3 de la recepta a Gastron\u00f2micament, perqu\u00e8 la publiqui a la web, a les seves xarxes socials i en futures publicacions, ja sigui en format digital com en paper. Gastron\u00f2micament es reserva el dret d&#8217;admisi\u00f3 de les candidatures.<\/p>\n<p style=\"text-align: justify;\"><strong>Tens cap dubte?<\/strong><\/p>\n<p>Escriu-nos a trav\u00e9s d&#8217;aquest formulari<\/p>\n<p style=\"text-align: justify;\">\n<div class=\"wpcf7 no-js\" id=\"wpcf7-f5726-o1\" lang=\"\" dir=\"ltr\" data-wpcf7-id=\"5726\">\n<div class=\"screen-reader-response\"><p role=\"status\" aria-live=\"polite\" aria-atomic=\"true\"><\/p> <ul><\/ul><\/div>\n<form action=\"\/en\/wp-json\/wp\/v2\/pages\/49872#wpcf7-f5726-o1\" method=\"post\" class=\"wpcf7-form init\" aria-label=\"Contact form\" novalidate=\"novalidate\" data-status=\"init\">\n<fieldset class=\"hidden-fields-container\"><input type=\"hidden\" name=\"_wpcf7\" value=\"5726\" \/><input type=\"hidden\" name=\"_wpcf7_version\" value=\"6.1.5\" \/><input type=\"hidden\" name=\"_wpcf7_locale\" value=\"\" \/><input type=\"hidden\" name=\"_wpcf7_unit_tag\" value=\"wpcf7-f5726-o1\" \/><input type=\"hidden\" name=\"_wpcf7_container_post\" value=\"0\" \/><input type=\"hidden\" name=\"_wpcf7_posted_data_hash\" value=\"\" \/><input type=\"hidden\" name=\"_wpcf7_recaptcha_response\" value=\"\" \/>\n<\/fieldset>\n<p>El vostre nom (obligatori):    \n<span class=\"wpcf7-form-control-wrap\" data-name=\"your-name\"><input size=\"40\" maxlength=\"400\" class=\"wpcf7-form-control wpcf7-text wpcf7-validates-as-required\" aria-required=\"true\" aria-invalid=\"false\" value=\"\" type=\"text\" name=\"your-name\" \/><\/span> <\/p>\n<p>El vostre email (obligatori):   \n <span class=\"wpcf7-form-control-wrap\" data-name=\"your-email\"><input size=\"40\" maxlength=\"400\" class=\"wpcf7-form-control wpcf7-email wpcf7-validates-as-required wpcf7-text wpcf7-validates-as-email\" aria-required=\"true\" aria-invalid=\"false\" value=\"\" type=\"email\" name=\"your-email\" \/><\/span> <\/p>\n<p>Assumpte<br \/>\n    <span class=\"wpcf7-form-control-wrap\" data-name=\"your-subject\"><input size=\"40\" maxlength=\"400\" class=\"wpcf7-form-control wpcf7-text\" aria-invalid=\"false\" value=\"Concurs Mossegades\" type=\"text\" name=\"your-subject\" \/><\/span> <\/p>\n<p>El vostre missatge<br \/>\n    <span class=\"wpcf7-form-control-wrap\" data-name=\"your-message\"><textarea cols=\"40\" rows=\"10\" maxlength=\"2000\" class=\"wpcf7-form-control wpcf7-textarea\" aria-invalid=\"false\" name=\"your-message\"><\/textarea><\/span> <\/p>\n<p><strong>Warning:<\/strong> The <a href=\"https:\/\/wordpress.org\/plugins\/really-simple-captcha\/\">Really Simple CAPTCHA<\/a> plugin is not active. Escriu les lletres (obligatori)\n<span class=\"wpcf7-form-control-wrap\" data-name=\"captcha-824\"><input size=\"40\" class=\"wpcf7-form-control wpcf7-captchar\" autocomplete=\"off\" aria-invalid=\"false\" value=\"\" type=\"text\" name=\"captcha-824\" \/><\/span>\n<\/p>\n<!-- BUTLLETI NO OBLIGATORI I POLITICA SI -->\n<p> <span class=\"wpcf7-form-control-wrap\" data-name=\"subscribe\"><span class=\"wpcf7-form-control wpcf7-checkbox\"><span class=\"wpcf7-list-item first last\"><input type=\"checkbox\" name=\"subscribe[]\" value=\"Vull rebre el butllet\u00ed setmanal de Gastron\u00f2micament\" \/><span class=\"wpcf7-list-item-label\">Vull rebre el butllet\u00ed setmanal de Gastron\u00f2micament<\/span><\/span><\/span><\/span><\/p>\n<p> <span class=\"wpcf7-form-control-wrap\" data-name=\"accept-register\"><span class=\"wpcf7-form-control wpcf7-acceptance\"><span class=\"wpcf7-list-item\"><input type=\"checkbox\" name=\"accept-register\" value=\"1\" aria-invalid=\"false\" \/><\/span><\/span><\/span> He llegit i accepto la <a href=\"https:\/\/gastronomicament.cat\/privacitat\" target=\"_blank\">pol\u00edtica de privacitat<\/a><\/p>\n<p><input class=\"wpcf7-form-control wpcf7-submit has-spinner\" type=\"submit\" value=\"Envia\" \/><\/p><div class=\"wpcf7-response-output\" aria-hidden=\"true\"><\/div>\n<\/form>\n<\/div>\n<\/p>\n<p><!--more--><\/p>\n","protected":false},"excerpt":{"rendered":"<p>\u00c9s una convocat\u00f2ria mensual de receptes. Cada mes proposam aliment o un tipus de plat. Es tracta d&#8217;un concurs obert: Tothom que vulgui pot presentar-s&#8217;hi amb un plat o m\u00e9s. Pots consultar-ne totes les convocat\u00f2ries al men\u00fa que tens a la dreta. Premis A m\u00e9s de passar-vos-ho b\u00e9 i con\u00e8ixer [&hellip;]<\/p>\n","protected":false},"author":1,"featured_media":48701,"parent":0,"menu_order":0,"comment_status":"open","ping_status":"closed","template":"","meta":{"_acf_changed":false,"_swt_meta_header_display":false,"_swt_meta_footer_display":false,"_swt_meta_site_title_display":false,"_swt_meta_sticky_header":false,"_swt_meta_transparent_header":false,"footnotes":""},"coauthors":[],"class_list":["post-49872","page","type-page","status-publish","has-post-thumbnail","hentry"],"acf":{"selected_post_entry":null},"yoast_head":"<!-- This site is optimized with the Yoast SEO plugin v27.3 - https:\/\/yoast.com\/product\/yoast-seo-wordpress\/ -->\n<title>Bases del concurs de receptes Mossegades<\/title>\n<meta name=\"description\" content=\"Bases del concurs de receptes Mossegades\" \/>\n<meta name=\"robots\" content=\"index, follow, max-snippet:-1, max-image-preview:large, max-video-preview:-1\" \/>\n<link rel=\"canonical\" href=\"https:\/\/gastronomicament.cat\/ca\/concurs-mossegades\" \/>\n<meta property=\"og:locale\" content=\"en_US\" \/>\n<meta property=\"og:type\" content=\"article\" \/>\n<meta property=\"og:title\" content=\"Bases del concurs de receptes Mossegades\" \/>\n<meta property=\"og:description\" content=\"Bases del concurs de receptes Mossegades\" \/>\n<meta property=\"og:url\" content=\"https:\/\/gastronomicament.cat\/ca\/concurs-mossegades\" \/>\n<meta property=\"og:site_name\" content=\"Gastron\u00f2micament\" \/>\n<meta property=\"og:image\" content=\"https:\/\/gastronomicament.cat\/wp-content\/uploads\/2012\/12\/640-Bases.jpg\" \/>\n\t<meta property=\"og:image:width\" content=\"640\" \/>\n\t<meta property=\"og:image:height\" content=\"300\" \/>\n\t<meta property=\"og:image:type\" content=\"image\/jpeg\" \/>\n<meta name=\"twitter:card\" content=\"summary_large_image\" \/>\n<meta name=\"twitter:site\" content=\"@gastronomicamen\" \/>\n<meta name=\"twitter:label1\" content=\"Est. reading time\" \/>\n\t<meta name=\"twitter:data1\" content=\"2 minutes\" \/>\n\t<meta name=\"twitter:label2\" content=\"Written by\" \/>\n\t<meta name=\"twitter:data2\" content=\"Redacci\u00f3\" \/>\n<script type=\"application\/ld+json\" class=\"yoast-schema-graph\">{\"@context\":\"https:\\\/\\\/schema.org\",\"@graph\":[{\"@type\":\"WebPage\",\"@id\":\"https:\\\/\\\/gastronomicament.cat\\\/ca\\\/concurs-mossegades\",\"url\":\"https:\\\/\\\/gastronomicament.cat\\\/ca\\\/concurs-mossegades\",\"name\":\"Bases del concurs de receptes Mossegades\",\"isPartOf\":{\"@id\":\"https:\\\/\\\/gastronomicament.cat\\\/ca\\\/#website\"},\"primaryImageOfPage\":{\"@id\":\"https:\\\/\\\/gastronomicament.cat\\\/ca\\\/concurs-mossegades#primaryimage\"},\"image\":{\"@id\":\"https:\\\/\\\/gastronomicament.cat\\\/ca\\\/concurs-mossegades#primaryimage\"},\"thumbnailUrl\":\"https:\\\/\\\/gastronomicament.cat\\\/wp-content\\\/uploads\\\/2012\\\/12\\\/640-Bases.jpg\",\"datePublished\":\"2012-12-18T12:12:37+00:00\",\"description\":\"Bases del concurs de receptes Mossegades\",\"inLanguage\":\"en-US\",\"potentialAction\":[{\"@type\":\"ReadAction\",\"target\":[\"https:\\\/\\\/gastronomicament.cat\\\/ca\\\/concurs-mossegades\"]}]},{\"@type\":\"ImageObject\",\"inLanguage\":\"en-US\",\"@id\":\"https:\\\/\\\/gastronomicament.cat\\\/ca\\\/concurs-mossegades#primaryimage\",\"url\":\"https:\\\/\\\/gastronomicament.cat\\\/wp-content\\\/uploads\\\/2012\\\/12\\\/640-Bases.jpg\",\"contentUrl\":\"https:\\\/\\\/gastronomicament.cat\\\/wp-content\\\/uploads\\\/2012\\\/12\\\/640-Bases.jpg\",\"width\":640,\"height\":300},{\"@type\":\"WebSite\",\"@id\":\"https:\\\/\\\/gastronomicament.cat\\\/ca\\\/#website\",\"url\":\"https:\\\/\\\/gastronomicament.cat\\\/ca\\\/\",\"name\":\"Gastron\u00f2micament\",\"description\":\"Portal de restaurants, receptes i actualitat gastron\u00f2mica\",\"publisher\":{\"@id\":\"https:\\\/\\\/gastronomicament.cat\\\/ca\\\/#organization\"},\"potentialAction\":[{\"@type\":\"SearchAction\",\"target\":{\"@type\":\"EntryPoint\",\"urlTemplate\":\"https:\\\/\\\/gastronomicament.cat\\\/ca\\\/?s={search_term_string}\"},\"query-input\":{\"@type\":\"PropertyValueSpecification\",\"valueRequired\":true,\"valueName\":\"search_term_string\"}}],\"inLanguage\":\"en-US\"},{\"@type\":\"Organization\",\"@id\":\"https:\\\/\\\/gastronomicament.cat\\\/ca\\\/#organization\",\"name\":\"Gastron\u00f2micament\",\"url\":\"https:\\\/\\\/gastronomicament.cat\\\/ca\\\/\",\"logo\":{\"@type\":\"ImageObject\",\"inLanguage\":\"en-US\",\"@id\":\"https:\\\/\\\/gastronomicament.cat\\\/ca\\\/#\\\/schema\\\/logo\\\/image\\\/\",\"url\":\"https:\\\/\\\/gastronomicament.cat\\\/wp-content\\\/uploads\\\/2016\\\/09\\\/header-logo.jpg\",\"contentUrl\":\"https:\\\/\\\/gastronomicament.cat\\\/wp-content\\\/uploads\\\/2016\\\/09\\\/header-logo.jpg\",\"width\":277,\"height\":39,\"caption\":\"Gastron\u00f2micament\"},\"image\":{\"@id\":\"https:\\\/\\\/gastronomicament.cat\\\/ca\\\/#\\\/schema\\\/logo\\\/image\\\/\"},\"sameAs\":[\"https:\\\/\\\/x.com\\\/gastronomicamen\"]}]}<\/script>\n<!-- \/ Yoast SEO plugin. -->","yoast_head_json":{"title":"Bases del concurs de receptes Mossegades","description":"Bases del concurs de receptes Mossegades","robots":{"index":"index","follow":"follow","max-snippet":"max-snippet:-1","max-image-preview":"max-image-preview:large","max-video-preview":"max-video-preview:-1"},"canonical":"https:\/\/gastronomicament.cat\/ca\/concurs-mossegades","og_locale":"en_US","og_type":"article","og_title":"Bases del concurs de receptes Mossegades","og_description":"Bases del concurs de receptes Mossegades","og_url":"https:\/\/gastronomicament.cat\/ca\/concurs-mossegades","og_site_name":"Gastron\u00f2micament","og_image":[{"width":640,"height":300,"url":"https:\/\/gastronomicament.cat\/wp-content\/uploads\/2012\/12\/640-Bases.jpg","type":"image\/jpeg"}],"twitter_card":"summary_large_image","twitter_site":"@gastronomicamen","twitter_misc":{"Est. reading time":"2 minutes","Written by":"Redacci\u00f3"},"schema":{"@context":"https:\/\/schema.org","@graph":[{"@type":"WebPage","@id":"https:\/\/gastronomicament.cat\/ca\/concurs-mossegades","url":"https:\/\/gastronomicament.cat\/ca\/concurs-mossegades","name":"Bases del concurs de receptes Mossegades","isPartOf":{"@id":"https:\/\/gastronomicament.cat\/ca\/#website"},"primaryImageOfPage":{"@id":"https:\/\/gastronomicament.cat\/ca\/concurs-mossegades#primaryimage"},"image":{"@id":"https:\/\/gastronomicament.cat\/ca\/concurs-mossegades#primaryimage"},"thumbnailUrl":"https:\/\/gastronomicament.cat\/wp-content\/uploads\/2012\/12\/640-Bases.jpg","datePublished":"2012-12-18T12:12:37+00:00","description":"Bases del concurs de receptes Mossegades","inLanguage":"en-US","potentialAction":[{"@type":"ReadAction","target":["https:\/\/gastronomicament.cat\/ca\/concurs-mossegades"]}]},{"@type":"ImageObject","inLanguage":"en-US","@id":"https:\/\/gastronomicament.cat\/ca\/concurs-mossegades#primaryimage","url":"https:\/\/gastronomicament.cat\/wp-content\/uploads\/2012\/12\/640-Bases.jpg","contentUrl":"https:\/\/gastronomicament.cat\/wp-content\/uploads\/2012\/12\/640-Bases.jpg","width":640,"height":300},{"@type":"WebSite","@id":"https:\/\/gastronomicament.cat\/ca\/#website","url":"https:\/\/gastronomicament.cat\/ca\/","name":"Gastron\u00f2micament","description":"Portal de restaurants, receptes i actualitat gastron\u00f2mica","publisher":{"@id":"https:\/\/gastronomicament.cat\/ca\/#organization"},"potentialAction":[{"@type":"SearchAction","target":{"@type":"EntryPoint","urlTemplate":"https:\/\/gastronomicament.cat\/ca\/?s={search_term_string}"},"query-input":{"@type":"PropertyValueSpecification","valueRequired":true,"valueName":"search_term_string"}}],"inLanguage":"en-US"},{"@type":"Organization","@id":"https:\/\/gastronomicament.cat\/ca\/#organization","name":"Gastron\u00f2micament","url":"https:\/\/gastronomicament.cat\/ca\/","logo":{"@type":"ImageObject","inLanguage":"en-US","@id":"https:\/\/gastronomicament.cat\/ca\/#\/schema\/logo\/image\/","url":"https:\/\/gastronomicament.cat\/wp-content\/uploads\/2016\/09\/header-logo.jpg","contentUrl":"https:\/\/gastronomicament.cat\/wp-content\/uploads\/2016\/09\/header-logo.jpg","width":277,"height":39,"caption":"Gastron\u00f2micament"},"image":{"@id":"https:\/\/gastronomicament.cat\/ca\/#\/schema\/logo\/image\/"},"sameAs":["https:\/\/x.com\/gastronomicamen"]}]}},"_links":{"self":[{"href":"https:\/\/gastronomicament.cat\/en\/wp-json\/wp\/v2\/pages\/49872","targetHints":{"allow":["GET"]}}],"collection":[{"href":"https:\/\/gastronomicament.cat\/en\/wp-json\/wp\/v2\/pages"}],"about":[{"href":"https:\/\/gastronomicament.cat\/en\/wp-json\/wp\/v2\/types\/page"}],"author":[{"embeddable":true,"href":"https:\/\/gastronomicament.cat\/en\/wp-json\/wp\/v2\/users\/1"}],"replies":[{"embeddable":true,"href":"https:\/\/gastronomicament.cat\/en\/wp-json\/wp\/v2\/comments?post=49872"}],"version-history":[{"count":0,"href":"https:\/\/gastronomicament.cat\/en\/wp-json\/wp\/v2\/pages\/49872\/revisions"}],"wp:featuredmedia":[{"embeddable":true,"href":"https:\/\/gastronomicament.cat\/en\/wp-json\/wp\/v2\/media\/48701"}],"wp:attachment":[{"href":"https:\/\/gastronomicament.cat\/en\/wp-json\/wp\/v2\/media?parent=49872"}],"wp:term":[{"taxonomy":"author","embeddable":true,"href":"https:\/\/gastronomicament.cat\/en\/wp-json\/wp\/v2\/coauthors?post=49872"}],"curies":[{"name":"wp","href":"https:\/\/api.w.org\/{rel}","templated":true}]}}